{"id":50,"date":"2015-04-30T13:08:12","date_gmt":"2015-04-30T11:08:12","guid":{"rendered":"http:\/\/buerk-metallwaren.de\/?page_id=50"},"modified":"2025-08-26T11:29:15","modified_gmt":"2025-08-26T09:29:15","slug":"home-2","status":"publish","type":"page","link":"https:\/\/buerk-metallwaren.de\/","title":{"rendered":"Herzlich Willkommen auf der Website von B\u00fcrk Metallwaren"},"content":{"rendered":"\n<p>Aktuelles und geschichtliches zu unserem Unternehmen finden Sie auf den Seiten <a href=\"https:\/\/buerk-metallwaren.de\/?page_id=8\">Firma<\/a>.<br>In welchen Bereichen wir t\u00e4tig sind und welche Materialien wir dabei verarbeiten k\u00f6nnen sehen Sie unter <a href=\"https:\/\/buerk-metallwaren.de\/?page_id=16\">Produkte<\/a>.<br>Genaue Informationen \u00fcber unsere Blechbearbeitung und unsere eingesetzten Maschinen sind bei <a href=\"https:\/\/buerk-metallwaren.de\/?page_id=22\">Fertigung<\/a> hinterlegt.<\/p>\n\n\n\n<p>Bei Fragen stehen wir Ihnen jeder Zeit per E-Mail oder Telefon zur Verf\u00fcgung.<\/p>\n\n\n\n<p class=\"has-white-color has-text-color has-link-color wp-elements-7e4ac651328708ea719ac0894fa30934\">.<\/p>\n\n\n\n<p class=\"has-white-color has-text-color has-link-color wp-elements-7e4ac651328708ea719ac0894fa30934\">.<\/p>\n\n\n\n<p class=\"has-white-color has-text-color has-link-color wp-elements-7e4ac651328708ea719ac0894fa30934\">.<\/p>\n\n\n\n<p class=\"has-vivid-red-color has-text-color has-link-color wp-elements-da50b8db3ee713db00a06cde027a4fc8\" style=\"font-size:28px\"><\/p>\n\n\n\n<p><\/p>\n\n\n\n<p><\/p>\n\n\n\n<p class=\"has-vivid-red-color has-text-color has-link-color wp-elements-58d007593be6c74afd840b09e590cb71\" style=\"font-size:25px\"><span style=\"color: #ffffff;\">&nbsp;<\/span><\/p>\n\n\n\n<p><\/p>\n\n\n\n<p class=\"has-vivid-red-color has-text-color has-link-color wp-elements-7a6ea63f6ebba7111572a2b83c7f7ca1\" style=\"font-size:25px\"><\/p>\n\n\n\n<p><span style=\"color: #ffffff;\">&nbsp;.<\/span><\/p>\n\n\n\n<h2 class=\"wp-block-heading\"><\/h2>\n\n\n\n\n\n<p><\/p>\n\n\n\n<p style=\"font-size:26px\"><\/p>\n\n\n\n<h1 class=\"wp-block-heading has-text-align-left has-vivid-red-color has-text-color\" style=\"font-size:22px\"><\/h1>\n\n\n\n<p><\/p>\n","protected":false},"excerpt":{"rendered":"<p>Aktuelles und geschichtliches zu unserem Unternehmen finden Sie auf den Seiten Firma.In welchen Bereichen wir t\u00e4tig sind und welche Materialien wir dabei verarbeiten k\u00f6nnen sehen Sie unter Produkte.Genaue Informationen \u00fcber unsere Blechbearbeitung und unsere eingesetzten Maschinen sind bei Fertigung hinterlegt. Bei Fragen stehen wir Ihnen jeder Zeit per E-Mail oder Telefon zur Verf\u00fcgung. . . [&hellip;]<\/p>\n","protected":false},"author":1,"featured_media":0,"parent":0,"menu_order":0,"comment_status":"closed","ping_status":"open","template":"","meta":{"footnotes":""},"class_list":["post-50","page","type-page","status-publish","hentry"],"_links":{"self":[{"href":"https:\/\/buerk-metallwaren.de\/index.php?rest_route=\/wp\/v2\/pages\/50","targetHints":{"allow":["GET"]}}],"collection":[{"href":"https:\/\/buerk-metallwaren.de\/index.php?rest_route=\/wp\/v2\/pages"}],"about":[{"href":"https:\/\/buerk-metallwaren.de\/index.php?rest_route=\/wp\/v2\/types\/page"}],"author":[{"embeddable":true,"href":"https:\/\/buerk-metallwaren.de\/index.php?rest_route=\/wp\/v2\/users\/1"}],"replies":[{"embeddable":true,"href":"https:\/\/buerk-metallwaren.de\/index.php?rest_route=%2Fwp%2Fv2%2Fcomments&post=50"}],"version-history":[{"count":0,"href":"https:\/\/buerk-metallwaren.de\/index.php?rest_route=\/wp\/v2\/pages\/50\/revisions"}],"wp:attachment":[{"href":"https:\/\/buerk-metallwaren.de\/index.php?rest_route=%2Fwp%2Fv2%2Fmedia&parent=50"}],"curies":[{"name":"wp","href":"https:\/\/api.w.org\/{rel}","templated":true}]}}